{"id":2685,"date":"2018-05-16T18:30:47","date_gmt":"2018-05-16T16:30:47","guid":{"rendered":"http:\/\/www.megevesttropez.com\/?page_id=2685"},"modified":"2025-06-14T10:17:43","modified_gmt":"2025-06-14T08:17:43","slug":"retour-edition-2017","status":"publish","type":"page","link":"http:\/\/www.megevesttropez.com\/en\/retour-edition-2017\/","title":{"rendered":"2017 &#8211; A LOOK BACK ON THE 3rd EDITION OF THE RALLY MEGEVE-SAINT-TROPEZ"},"content":{"rendered":"\r\n\r\nLundi 5 juin d\u00e9butait la troisi\u00e8me \u00e9dition du rallye Meg\u00e8ve St-Tropez &#8211; La Financi\u00e8re de L\u2019\u00c9chiquier avec 59 \u00e9quipages attendus \u00e0 Meg\u00e8ve pour le lancement du rallye qui conduisit les concurrents de Meg\u00e8ve \u00e0 Saint-Tropez en empruntant les nombreux cols savoyards, les Alpilles et les Alpes du Sud. Parmi les \u00e9quipages au d\u00e9part, les spectateurs ont pu notamment admirer les belles cylindr\u00e9s de Porsche, Jaguar, Austin Healey, Ferrari&#8230;\r\n<br><br>\r\n<img loading=\"lazy\" decoding=\"async\" src=\"http:\/\/www.megevesttropez.com\/wp-content\/uploads\/2018\/05\/RMST-3_-076.jpg\" alt=\"\" width=\"450\" height=\"300\" class=\"alignright size-full wp-image-2686\" srcset=\"http:\/\/www.megevesttropez.com\/wp-content\/uploads\/2018\/05\/RMST-3_-076.jpg 450w, http:\/\/www.megevesttropez.com\/wp-content\/uploads\/2018\/05\/RMST-3_-076-300x200.jpg 300w, http:\/\/www.megevesttropez.com\/wp-content\/uploads\/2018\/05\/RMST-3_-076-272x182.jpg 272w\" sizes=\"auto, (max-width: 450px) 100vw, 450px\" \/>Durant 4 jours, un prologue et 3 \u00e9tapes, les \u00e9quipages ont reli\u00e9 les villes de Meg\u00e8ve et de Saint-Tropez en passant par l\u2019Alpe d\u2019Huez et les Baux-De-Provence. Des paysages magiques et \u00e9poustouflants ont accompagn\u00e9es les concurrents traversant les cols mythiques des Alpes ainsi que les magnifiques paysages de la Provence pour arriv\u00e9e \u00e0 Saint-Tropez.\r\n<br>\r\nOutre l\u2019ambiance tr\u00e8s conviviale et le r\u00e9ceptif haut de gamme, les concurrents se sont affront\u00e9s sur diff\u00e9rentes \u00e9preuves sportives (gymkhanas, course de c\u00f4te et \u00e9preuves de r\u00e9gularit\u00e9), mais aussi sur des questions concernant l\u2019automobile et les r\u00e9gions travers\u00e9s. C\u2019est donc d\u00e8s le premier jour que les concurrents ont pu appr\u00e9cier une premi\u00e8re \u00e9preuve organis\u00e9e sur l\u2019Altiport de Meg\u00e8ve.\r\n<br><br>\r\nLe lendemain les concurrents n\u2019ont pas \u00e9t\u00e9 \u00e9pargn\u00e9 et ont d\u00e9but\u00e9 ce 3\u00e8me rallye Meg\u00e8ve St-Tropez &#8211; La Financi\u00e8re de L\u2019\u00c9chiquier sous la pluie. La journ\u00e9e a \u00e9t\u00e9 \u00e9prouvante pour les \u00e9quipages en cabriolet qui n\u2019ont pas pu se prot\u00e9ger de la m\u00e9t\u00e9o capricieuse. Malgr\u00e9 ce mauvais temps, c\u2019est la Shelby Cobra de l\u2019\u00e9quipage Matthieu AVRIL &#038; Alban, dans la cat\u00e9gorie Classic, qui s\u2019est impos\u00e9e lors de la course de c\u00f4te \u00e0 Courchevel.\r\n<br><br>\r\nLe soleil nous a ensuite accompagn\u00e9 au d\u00e9part de l\u2019Alpe D\u2019Huez et ne nous a pas quitt\u00e9 jusqu\u2019au Baux-De- Provence et notre arriv\u00e9e \u00e0 Saint-Tropez.\r\n<br>\r\n<img loading=\"lazy\" decoding=\"async\" src=\"http:\/\/www.megevesttropez.com\/wp-content\/uploads\/2018\/05\/JOUR-4-399-copie.jpg\" alt=\"\" width=\"560\" height=\"316\" class=\"alignleft size-full wp-image-2689\" srcset=\"http:\/\/www.megevesttropez.com\/wp-content\/uploads\/2018\/05\/JOUR-4-399-copie.jpg 560w, http:\/\/www.megevesttropez.com\/wp-content\/uploads\/2018\/05\/JOUR-4-399-copie-300x169.jpg 300w\" sizes=\"auto, (max-width: 560px) 100vw, 560px\" \/>Et c\u2019est sur la Place des Lices que le rallye s\u2019achevait accueillant les grands vainqueurs de cette troisi\u00e8me \u00e9dition du Rallye Meg\u00e8ve &#8211; St-Tropez 2017 &#8211; La Financi\u00e8re de l\u2019Echiquier pour sabrer le Champagne Charles Volner au cours de la tr\u00e8s attendue soir\u00e9e de remise des prix \u00e0 la Tropezina.\r\n<br><br>\r\nDans la cat\u00e9gorie Classic, l\u2019\u00e9quipage Didier DINH \u2013 Joseph SOLER (MG B) emportait le troph\u00e9e apr\u00e8s une d\u00e9monstration impeccable qui mettait fin \u00e0 3 ann\u00e9es de \u00ab disette \u00bb pour cet \u00e9quipage qui n\u2019avait pas \u00e9t\u00e9 \u00e9pargn\u00e9 par les ennuis m\u00e9caniques les ann\u00e9es pr\u00e9c\u00e9dentes. \r\n<br>\r\nIls sont suivis de tr\u00e8s pr\u00e8s par deux \u00e9quipages emmenant de superbes Shelby Cobra, Leopold &#038; Marie THISE (vainqueur en 2016) et Matthieu AVRIL &#038; Alban RAIS qui rest\u00e8rent en embuscade durant tout le rallye, pr\u00eat \u00e0 saisir la moindre opportunit\u00e9.\r\n<br><br>\r\nDans la cat\u00e9gorie Prestige, L\u2019\u00e9quipage Xavier &#038; Dominique THIRODE (Porsche 911) remport\u00e8rent l\u2019\u00e9preuve gr\u00e2ce \u00e0 leur r\u00e9gularit\u00e9 tant lors des \u00e9preuves ludiques qu\u2019\u00e0 l\u2019occasion des diff\u00e9rents Quizz propos\u00e9s lors des CP.\r\nIls sont d\u2019ailleurs suivi par les \u00e9poux DUSSOGE sur Porche 911 \u00e9galement, qui remport\u00e8rent la seconde place du podium avec des r\u00e9sultats impeccables, devant la Lotus Elise de Gilles TRUTAT et Eric ZAMMITH qui pointe en troisi\u00e8me position au terme du Rallye. \r\n<br><br>\r\nLa 3\u00e8me \u00e9dition du rallye Meg\u00e8ve St-Tropez &#8211; La Financi\u00e8re de l&#8217;\u00e9chiquier a \u00e9t\u00e9 un succ\u00e8s. La bonne humeur et la comp\u00e9tition ont \u00e9t\u00e9 les ma\u00eetres mots du rallye et nous remercions pour cela nos 59 \u00e9quipages participant ! Nous vous donnons rendez-vous l&#8217;ann\u00e9e prochaine pour une nouvelle \u00e9dition, un nouveau parcours et de nouvelles \u00e9preuves sportives !\r\n\r\n<div class=\"su-spacer\" style=\"height:20px\"><\/div>\r\n\r\n<h2 style=\"color: #C72F36;\">Le podium final du rallye<\/h2>\r\n<hr>\r\n<div class=\"su-row\"><div class=\"su-column su-column-size-1-2\"><div class=\"su-column-inner su-u-clearfix su-u-trim\">\r\n<strong>Cat\u00e9gorie Classics<\/strong><br>\r\n1 \u25cf DINH Didier &#8211; SOLER Joseph (MG B) <br>\r\n2 \u25cf THISE Leopold &#038; Marie (Shelby Cobra 289)<br>\r\n3 \u25cf AVRIL Matthieu &#8211; RAIS Alban (Shelby Cobra 427)\r\n<\/div><\/div>\r\n<div class=\"su-column su-column-size-1-2\"><div class=\"su-column-inner su-u-clearfix su-u-trim\">\r\n<strong>Cat\u00e9gorie Prestiges<\/strong><br>\r\n1 \u25cf THIRODE Xavier &#038; Dominique (Porsche 911)<br>\r\n2 \u25cf DUSSOGE Franck &#038; Genevieve (Porsche 911 &#8211; Type 964)<br>\r\n3 \u25cf TRUTAT Gilles &#8211; ZAMMITH Eric (Lotus Elise)\r\n<\/div><\/div><\/div>\r\n\t\r\n\r\n<h2 style=\"color: #C72F36;\">L&#8217;\u00e9dition 2017 en images<\/h2>\r\n<hr>\r\n<div id=\"metaslider-id-2691\" style=\"max-width: 1200px;\" class=\"ml-slider-3-105-0 metaslider metaslider-nivo metaslider-2691 ml-slider ms-theme-default\" role=\"region\" aria-label=\"2017\" data-height=\"600\" data-width=\"1200\">\n    <div id=\"metaslider_container_2691\">\n        <div class='slider-wrapper theme-default'><div class='ribbon'><\/div><div id='metaslider_2691' class='nivoSlider'><img loading=\"lazy\" decoding=\"async\" src=\"http:\/\/www.megevesttropez.com\/wp-content\/uploads\/2018\/05\/MSTZ-20170607-dia001-1200x600.jpg\" height=\"600\" width=\"1200\" title=\"MSTZ-20170607-dia001-1200x600\" alt=\"\" class=\"slider-2691 slide-2700 msDefaultImage\" \/><img loading=\"lazy\" decoding=\"async\" src=\"http:\/\/www.megevesttropez.com\/wp-content\/uploads\/2018\/05\/MSTZ-20170607-dia003-1200x600.jpg\" height=\"600\" width=\"1200\" title=\"MSTZ-20170607-dia003-1200x600\" alt=\"\" class=\"slider-2691 slide-2701 msDefaultImage\" \/><img loading=\"lazy\" decoding=\"async\" src=\"http:\/\/www.megevesttropez.com\/wp-content\/uploads\/2018\/05\/MSTZ-20170607-dia007-1200x600.jpg\" height=\"600\" width=\"1200\" title=\"MSTZ-20170607-dia007-1200x600\" alt=\"\" class=\"slider-2691 slide-2702 msDefaultImage\" \/><img loading=\"lazy\" decoding=\"async\" src=\"http:\/\/www.megevesttropez.com\/wp-content\/uploads\/2018\/05\/MSTZ-20170607-dia008-1200x600.jpg\" height=\"600\" width=\"1200\" title=\"MSTZ-20170607-dia008-1200x600\" alt=\"\" class=\"slider-2691 slide-2703 msDefaultImage\" \/><img loading=\"lazy\" decoding=\"async\" src=\"http:\/\/www.megevesttropez.com\/wp-content\/uploads\/2018\/05\/MSTZ-20170607-dia010-1200x600.jpg\" height=\"600\" width=\"1200\" title=\"MSTZ-20170607-dia010-1200x600\" alt=\"\" class=\"slider-2691 slide-2704 msDefaultImage\" \/><img loading=\"lazy\" decoding=\"async\" src=\"http:\/\/www.megevesttropez.com\/wp-content\/uploads\/2018\/05\/MSTZ-20170607-dia013-1200x600.jpg\" height=\"600\" width=\"1200\" title=\"MSTZ-20170607-dia013-1200x600\" alt=\"\" class=\"slider-2691 slide-2705 msDefaultImage\" \/><img loading=\"lazy\" decoding=\"async\" src=\"http:\/\/www.megevesttropez.com\/wp-content\/uploads\/2018\/05\/MSTZ-20170607-dia014-1200x600.jpg\" height=\"600\" width=\"1200\" title=\"MSTZ-20170607-dia014-1200x600\" alt=\"\" class=\"slider-2691 slide-2706 msDefaultImage\" \/><\/div><\/div>\n        \n    <\/div>\n<\/div>\r\n\t<div class=\"su-spacer\" style=\"height:20px\"><\/div>\r\n\n\t\t<style type=\"text\/css\">\n\t\t\t#gallery-1 {\n\t\t\t\tmargin: auto;\n\t\t\t}\n\t\t\t#gallery-1 .gallery-item {\n\t\t\t\tfloat: left;\n\t\t\t\tmargin-top: 10px;\n\t\t\t\ttext-align: center;\n\t\t\t\twidth: 25%;\n\t\t\t}\n\t\t\t#gallery-1 img {\n\t\t\t\tborder: 2px solid #cfcfcf;\n\t\t\t}\n\t\t\t#gallery-1 .gallery-caption {\n\t\t\t\tmargin-left: 0;\n\t\t\t}\n\t\t\t\/* see gallery_shortcode() in wp-includes\/media.php *\/\n\t\t<\/style>\n\t\t<div id='gallery-1' class='gallery galleryid-2685 gallery-columns-4 gallery-size-thumbnail'><dl class='gallery-item'>\n\t\t\t<dt class='gallery-icon landscape'>\n\t\t\t\t<a href='http:\/\/www.megevesttropez.com\/wp-content\/uploads\/2018\/05\/MSTZ20180515-1_06.jpg' title=\"\" data-rl_title=\"\" class=\"rl-gallery-link\" data-rl_caption=\"\" data-rel=\"lightbox-gallery-1\"><img loading=\"lazy\" decoding=\"async\" width=\"150\" height=\"150\" src=\"http:\/\/www.megevesttropez.com\/wp-content\/uploads\/2018\/05\/MSTZ20180515-1_06-150x150.jpg\" class=\"attachment-thumbnail size-thumbnail\" alt=\"\" \/><\/a>\n\t\t\t<\/dt><\/dl><dl class='gallery-item'>\n\t\t\t<dt class='gallery-icon landscape'>\n\t\t\t\t<a href='http:\/\/www.megevesttropez.com\/wp-content\/uploads\/2018\/05\/MSTZ20180515-1_07.jpg' title=\"\" data-rl_title=\"\" class=\"rl-gallery-link\" data-rl_caption=\"\" data-rel=\"lightbox-gallery-1\"><img loading=\"lazy\" decoding=\"async\" width=\"150\" height=\"150\" src=\"http:\/\/www.megevesttropez.com\/wp-content\/uploads\/2018\/05\/MSTZ20180515-1_07-150x150.jpg\" class=\"attachment-thumbnail size-thumbnail\" alt=\"\" \/><\/a>\n\t\t\t<\/dt><\/dl><dl class='gallery-item'>\n\t\t\t<dt class='gallery-icon landscape'>\n\t\t\t\t<a href='http:\/\/www.megevesttropez.com\/wp-content\/uploads\/2018\/05\/MSTZ20180515-1_08.jpg' title=\"\" data-rl_title=\"\" class=\"rl-gallery-link\" data-rl_caption=\"\" data-rel=\"lightbox-gallery-1\"><img loading=\"lazy\" decoding=\"async\" width=\"150\" height=\"150\" src=\"http:\/\/www.megevesttropez.com\/wp-content\/uploads\/2018\/05\/MSTZ20180515-1_08-150x150.jpg\" class=\"attachment-thumbnail size-thumbnail\" alt=\"\" \/><\/a>\n\t\t\t<\/dt><\/dl><dl class='gallery-item'>\n\t\t\t<dt class='gallery-icon landscape'>\n\t\t\t\t<a href='http:\/\/www.megevesttropez.com\/wp-content\/uploads\/2018\/05\/MSTZ20180515-1_09.jpg' title=\"\" data-rl_title=\"\" class=\"rl-gallery-link\" data-rl_caption=\"\" data-rel=\"lightbox-gallery-1\"><img loading=\"lazy\" decoding=\"async\" width=\"150\" height=\"150\" src=\"http:\/\/www.megevesttropez.com\/wp-content\/uploads\/2018\/05\/MSTZ20180515-1_09-150x150.jpg\" class=\"attachment-thumbnail size-thumbnail\" alt=\"\" \/><\/a>\n\t\t\t<\/dt><\/dl><br style=\"clear: both\" \/><dl class='gallery-item'>\n\t\t\t<dt class='gallery-icon landscape'>\n\t\t\t\t<a href='http:\/\/www.megevesttropez.com\/wp-content\/uploads\/2018\/05\/MSTZ20180515-1_10.jpg' title=\"\" data-rl_title=\"\" class=\"rl-gallery-link\" data-rl_caption=\"\" data-rel=\"lightbox-gallery-1\"><img loading=\"lazy\" decoding=\"async\" width=\"150\" height=\"150\" src=\"http:\/\/www.megevesttropez.com\/wp-content\/uploads\/2018\/05\/MSTZ20180515-1_10-150x150.jpg\" class=\"attachment-thumbnail size-thumbnail\" alt=\"\" \/><\/a>\n\t\t\t<\/dt><\/dl><dl class='gallery-item'>\n\t\t\t<dt class='gallery-icon portrait'>\n\t\t\t\t<a href='http:\/\/www.megevesttropez.com\/wp-content\/uploads\/2018\/05\/MSTZ20180515-1_11.jpg' title=\"\" data-rl_title=\"\" class=\"rl-gallery-link\" data-rl_caption=\"\" data-rel=\"lightbox-gallery-1\"><img loading=\"lazy\" decoding=\"async\" width=\"150\" height=\"150\" src=\"http:\/\/www.megevesttropez.com\/wp-content\/uploads\/2018\/05\/MSTZ20180515-1_11-150x150.jpg\" class=\"attachment-thumbnail size-thumbnail\" alt=\"\" \/><\/a>\n\t\t\t<\/dt><\/dl><dl class='gallery-item'>\n\t\t\t<dt class='gallery-icon landscape'>\n\t\t\t\t<a href='http:\/\/www.megevesttropez.com\/wp-content\/uploads\/2018\/05\/MSTZ20180515-1_12.jpg' title=\"\" data-rl_title=\"\" class=\"rl-gallery-link\" data-rl_caption=\"\" data-rel=\"lightbox-gallery-1\"><img loading=\"lazy\" decoding=\"async\" width=\"150\" height=\"150\" src=\"http:\/\/www.megevesttropez.com\/wp-content\/uploads\/2018\/05\/MSTZ20180515-1_12-150x150.jpg\" class=\"attachment-thumbnail size-thumbnail\" alt=\"\" \/><\/a>\n\t\t\t<\/dt><\/dl><dl class='gallery-item'>\n\t\t\t<dt class='gallery-icon landscape'>\n\t\t\t\t<a href='http:\/\/www.megevesttropez.com\/wp-content\/uploads\/2018\/05\/MSTZ20180515-1_14.jpg' title=\"\" data-rl_title=\"\" class=\"rl-gallery-link\" data-rl_caption=\"\" data-rel=\"lightbox-gallery-1\"><img loading=\"lazy\" decoding=\"async\" width=\"150\" height=\"150\" src=\"http:\/\/www.megevesttropez.com\/wp-content\/uploads\/2018\/05\/MSTZ20180515-1_14-150x150.jpg\" class=\"attachment-thumbnail size-thumbnail\" alt=\"\" \/><\/a>\n\t\t\t<\/dt><\/dl><br style=\"clear: both\" \/><dl class='gallery-item'>\n\t\t\t<dt class='gallery-icon landscape'>\n\t\t\t\t<a href='http:\/\/www.megevesttropez.com\/wp-content\/uploads\/2018\/05\/MSTZ20180515-1_16.jpg' title=\"\" data-rl_title=\"\" class=\"rl-gallery-link\" data-rl_caption=\"\" data-rel=\"lightbox-gallery-1\"><img loading=\"lazy\" decoding=\"async\" width=\"150\" height=\"150\" src=\"http:\/\/www.megevesttropez.com\/wp-content\/uploads\/2018\/05\/MSTZ20180515-1_16-150x150.jpg\" class=\"attachment-thumbnail size-thumbnail\" alt=\"\" \/><\/a>\n\t\t\t<\/dt><\/dl><dl class='gallery-item'>\n\t\t\t<dt class='gallery-icon landscape'>\n\t\t\t\t<a href='http:\/\/www.megevesttropez.com\/wp-content\/uploads\/2018\/05\/MSTZ20180515-1_18.jpg' title=\"\" data-rl_title=\"\" class=\"rl-gallery-link\" data-rl_caption=\"\" data-rel=\"lightbox-gallery-1\"><img loading=\"lazy\" decoding=\"async\" width=\"150\" height=\"150\" src=\"http:\/\/www.megevesttropez.com\/wp-content\/uploads\/2018\/05\/MSTZ20180515-1_18-150x150.jpg\" class=\"attachment-thumbnail size-thumbnail\" alt=\"\" \/><\/a>\n\t\t\t<\/dt><\/dl><dl class='gallery-item'>\n\t\t\t<dt class='gallery-icon landscape'>\n\t\t\t\t<a href='http:\/\/www.megevesttropez.com\/wp-content\/uploads\/2018\/05\/MSTZ20180515-1_19.jpg' title=\"\" data-rl_title=\"\" class=\"rl-gallery-link\" data-rl_caption=\"\" data-rel=\"lightbox-gallery-1\"><img loading=\"lazy\" decoding=\"async\" width=\"150\" height=\"150\" src=\"http:\/\/www.megevesttropez.com\/wp-content\/uploads\/2018\/05\/MSTZ20180515-1_19-150x150.jpg\" class=\"attachment-thumbnail size-thumbnail\" alt=\"\" \/><\/a>\n\t\t\t<\/dt><\/dl><dl class='gallery-item'>\n\t\t\t<dt class='gallery-icon landscape'>\n\t\t\t\t<a href='http:\/\/www.megevesttropez.com\/wp-content\/uploads\/2018\/05\/MSTZ20180515-1_20.jpg' title=\"\" data-rl_title=\"\" class=\"rl-gallery-link\" data-rl_caption=\"\" data-rel=\"lightbox-gallery-1\"><img loading=\"lazy\" decoding=\"async\" width=\"150\" height=\"150\" src=\"http:\/\/www.megevesttropez.com\/wp-content\/uploads\/2018\/05\/MSTZ20180515-1_20-150x150.jpg\" class=\"attachment-thumbnail size-thumbnail\" alt=\"\" \/><\/a>\n\t\t\t<\/dt><\/dl><br style=\"clear: both\" \/><dl class='gallery-item'>\n\t\t\t<dt class='gallery-icon landscape'>\n\t\t\t\t<a href='http:\/\/www.megevesttropez.com\/wp-content\/uploads\/2018\/05\/MSTZ20180515-1_21.jpg' title=\"\" data-rl_title=\"\" class=\"rl-gallery-link\" data-rl_caption=\"\" data-rel=\"lightbox-gallery-1\"><img loading=\"lazy\" decoding=\"async\" width=\"150\" height=\"150\" src=\"http:\/\/www.megevesttropez.com\/wp-content\/uploads\/2018\/05\/MSTZ20180515-1_21-150x150.jpg\" class=\"attachment-thumbnail size-thumbnail\" alt=\"\" \/><\/a>\n\t\t\t<\/dt><\/dl><dl class='gallery-item'>\n\t\t\t<dt class='gallery-icon landscape'>\n\t\t\t\t<a href='http:\/\/www.megevesttropez.com\/wp-content\/uploads\/2018\/05\/MSTZ20180515-1_22.jpg' title=\"\" data-rl_title=\"\" class=\"rl-gallery-link\" data-rl_caption=\"\" data-rel=\"lightbox-gallery-1\"><img loading=\"lazy\" decoding=\"async\" width=\"150\" height=\"150\" src=\"http:\/\/www.megevesttropez.com\/wp-content\/uploads\/2018\/05\/MSTZ20180515-1_22-150x150.jpg\" class=\"attachment-thumbnail size-thumbnail\" alt=\"\" aria-describedby=\"gallery-1-2641\" \/><\/a>\n\t\t\t<\/dt>\n\t\t\t\t<dd class='wp-caption-text gallery-caption' id='gallery-1-2641'>\n\t\t\t\t<p style=\"text-align: center;\">EDITION 2017<\/p>\n\t\t\t\t<\/dd><\/dl><dl class='gallery-item'>\n\t\t\t<dt class='gallery-icon landscape'>\n\t\t\t\t<a href='http:\/\/www.megevesttropez.com\/wp-content\/uploads\/2018\/05\/MSTZ20180515-1_23.jpg' title=\"\" data-rl_title=\"\" class=\"rl-gallery-link\" data-rl_caption=\"\" data-rel=\"lightbox-gallery-1\"><img loading=\"lazy\" decoding=\"async\" width=\"150\" height=\"150\" src=\"http:\/\/www.megevesttropez.com\/wp-content\/uploads\/2018\/05\/MSTZ20180515-1_23-150x150.jpg\" class=\"attachment-thumbnail size-thumbnail\" alt=\"\" \/><\/a>\n\t\t\t<\/dt><\/dl><dl class='gallery-item'>\n\t\t\t<dt class='gallery-icon landscape'>\n\t\t\t\t<a href='http:\/\/www.megevesttropez.com\/wp-content\/uploads\/2018\/05\/MSTZ20180515-1_01.jpg' title=\"\" data-rl_title=\"\" class=\"rl-gallery-link\" data-rl_caption=\"\" data-rel=\"lightbox-gallery-1\"><img loading=\"lazy\" decoding=\"async\" width=\"150\" height=\"150\" src=\"http:\/\/www.megevesttropez.com\/wp-content\/uploads\/2018\/05\/MSTZ20180515-1_01-150x150.jpg\" class=\"attachment-thumbnail size-thumbnail\" alt=\"\" \/><\/a>\n\t\t\t<\/dt><\/dl><br style=\"clear: both\" \/><dl class='gallery-item'>\n\t\t\t<dt class='gallery-icon landscape'>\n\t\t\t\t<a href='http:\/\/www.megevesttropez.com\/wp-content\/uploads\/2018\/05\/MSTZ20180515-1_02.jpg' title=\"\" data-rl_title=\"\" class=\"rl-gallery-link\" data-rl_caption=\"\" data-rel=\"lightbox-gallery-1\"><img loading=\"lazy\" decoding=\"async\" width=\"150\" height=\"150\" src=\"http:\/\/www.megevesttropez.com\/wp-content\/uploads\/2018\/05\/MSTZ20180515-1_02-150x150.jpg\" class=\"attachment-thumbnail size-thumbnail\" alt=\"\" \/><\/a>\n\t\t\t<\/dt><\/dl><dl class='gallery-item'>\n\t\t\t<dt class='gallery-icon landscape'>\n\t\t\t\t<a href='http:\/\/www.megevesttropez.com\/wp-content\/uploads\/2018\/05\/MSTZ20180515-1_03.jpg' title=\"\" data-rl_title=\"\" class=\"rl-gallery-link\" data-rl_caption=\"\" data-rel=\"lightbox-gallery-1\"><img loading=\"lazy\" decoding=\"async\" width=\"150\" height=\"150\" src=\"http:\/\/www.megevesttropez.com\/wp-content\/uploads\/2018\/05\/MSTZ20180515-1_03-150x150.jpg\" class=\"attachment-thumbnail size-thumbnail\" alt=\"\" \/><\/a>\n\t\t\t<\/dt><\/dl><dl class='gallery-item'>\n\t\t\t<dt class='gallery-icon landscape'>\n\t\t\t\t<a href='http:\/\/www.megevesttropez.com\/wp-content\/uploads\/2018\/05\/MSTZ20180515-1_04.jpg' title=\"\" data-rl_title=\"\" class=\"rl-gallery-link\" data-rl_caption=\"\" data-rel=\"lightbox-gallery-1\"><img loading=\"lazy\" decoding=\"async\" width=\"150\" height=\"150\" src=\"http:\/\/www.megevesttropez.com\/wp-content\/uploads\/2018\/05\/MSTZ20180515-1_04-150x150.jpg\" class=\"attachment-thumbnail size-thumbnail\" alt=\"\" \/><\/a>\n\t\t\t<\/dt><\/dl><dl class='gallery-item'>\n\t\t\t<dt class='gallery-icon landscape'>\n\t\t\t\t<a href='http:\/\/www.megevesttropez.com\/wp-content\/uploads\/2018\/05\/MSTZ20180515-1_05.jpg' title=\"\" data-rl_title=\"\" class=\"rl-gallery-link\" data-rl_caption=\"\" data-rel=\"lightbox-gallery-1\"><img loading=\"lazy\" decoding=\"async\" width=\"150\" height=\"150\" src=\"http:\/\/www.megevesttropez.com\/wp-content\/uploads\/2018\/05\/MSTZ20180515-1_05-150x150.jpg\" class=\"attachment-thumbnail size-thumbnail\" alt=\"\" \/><\/a>\n\t\t\t<\/dt><\/dl><br style=\"clear: both\" \/>\n\t\t<\/div>\n\r\n<div class=\"su-spacer\" style=\"height:30px\"><\/div>\r\n\r\n<div class=\"su-row\"><div class=\"su-column su-column-size-1-2\"><div class=\"su-column-inner su-u-clearfix su-u-trim\">\r\n<div class=\"su-youtube su-u-responsive-media-yes\"><iframe loading=\"lazy\" width=\"1280\" height=\"720\" src=\"https:\/\/www.youtube.com\/embed\/3NSwLtERT_0?\" frameborder=\"0\" allowfullscreen allow=\"autoplay; encrypted-media; picture-in-picture\" title=\"\"><\/iframe><\/div>\r\n<\/div><\/div>\r\n<div class=\"su-column su-column-size-1-2\"><div class=\"su-column-inner su-u-clearfix su-u-trim\">\r\n<div class=\"su-youtube su-u-responsive-media-yes\"><iframe loading=\"lazy\" width=\"1280\" height=\"720\" src=\"https:\/\/www.youtube.com\/embed\/bTRABqBeIiI?\" frameborder=\"0\" allowfullscreen allow=\"autoplay; encrypted-media; picture-in-picture\" title=\"\"><\/iframe><\/div>\r\n<\/div><\/div><\/div>\r\n\r\n<div class=\"su-row\"><div class=\"su-column su-column-size-1-2\"><div class=\"su-column-inner su-u-clearfix su-u-trim\">\r\n<div class=\"su-youtube su-u-responsive-media-yes\"><iframe loading=\"lazy\" width=\"1280\" height=\"720\" src=\"https:\/\/www.youtube.com\/embed\/5XxOqY3ZvTc?\" frameborder=\"0\" allowfullscreen allow=\"autoplay; encrypted-media; picture-in-picture\" title=\"\"><\/iframe><\/div>\r\n<\/div><\/div>\r\n<div class=\"su-column su-column-size-1-2\"><div class=\"su-column-inner su-u-clearfix su-u-trim\">\r\n<div class=\"su-youtube su-u-responsive-media-yes\"><iframe loading=\"lazy\" width=\"1280\" height=\"720\" src=\"https:\/\/www.youtube.com\/embed\/A5HmwA7V0YM?\" frameborder=\"0\" allowfullscreen allow=\"autoplay; encrypted-media; picture-in-picture\" title=\"\"><\/iframe><\/div>\r\n<\/div><\/div><\/div>\r\n\r\n<div class=\"su-row\"><div class=\"su-column su-column-size-1-2\"><div class=\"su-column-inner su-u-clearfix su-u-trim\">\r\n<div class=\"su-youtube su-u-responsive-media-yes\"><iframe loading=\"lazy\" width=\"1280\" height=\"720\" src=\"https:\/\/www.youtube.com\/embed\/1izn1jFJivc?\" frameborder=\"0\" allowfullscreen allow=\"autoplay; encrypted-media; picture-in-picture\" title=\"\"><\/iframe><\/div>\r\n<\/div><\/div>\r\n<div class=\"su-column su-column-size-1-2\"><div class=\"su-column-inner su-u-clearfix su-u-trim\">\r\n<div class=\"su-youtube su-u-responsive-media-yes\"><iframe loading=\"lazy\" width=\"1280\" height=\"720\" src=\"https:\/\/www.youtube.com\/embed\/kz4iGM5WWlY?\" frameborder=\"0\" allowfullscreen allow=\"autoplay; encrypted-media; picture-in-picture\" title=\"\"><\/iframe><\/div>\r\n<\/div><\/div><\/div>\r\n\r\n<div class=\"su-spacer\" style=\"height:20px\"><\/div>\r\n\r\n<div class=\"su-youtube su-u-responsive-media-yes\"><iframe loading=\"lazy\" width=\"1280\" height=\"720\" src=\"https:\/\/www.youtube.com\/embed\/GOU4Ks9t1hk?\" frameborder=\"0\" allowfullscreen allow=\"autoplay; encrypted-media; picture-in-picture\" title=\"\"><\/iframe><\/div>","protected":false},"excerpt":{"rendered":"<p>Lundi 5 juin d\u00e9butait la troisi\u00e8me \u00e9dition du rallye Meg\u00e8ve St-Tropez &#8211; La Financi\u00e8re de L\u2019\u00c9chiquier avec 59 \u00e9quipages attendus \u00e0 Meg\u00e8ve pour le lancement du rallye qui conduisit les concurrents de Meg\u00e8ve \u00e0 Saint-Tropez en empruntant les nombreux cols savoyards, les Alpilles et les Alpes du Sud. Parmi les \u00e9quipages au d\u00e9part, les spectateurs [&hellip;]<\/p>\n","protected":false},"author":4,"featured_media":0,"parent":0,"menu_order":0,"comment_status":"closed","ping_status":"closed","template":"","meta":{"footnotes":""},"class_list":["post-2685","page","type-page","status-publish","hentry","post"],"translation":{"provider":"WPGlobus","version":"3.0.2","language":"en","enabled_languages":["fr","en"],"languages":{"fr":{"title":true,"content":true,"excerpt":false},"en":{"title":true,"content":true,"excerpt":false}}},"_links":{"self":[{"href":"http:\/\/www.megevesttropez.com\/en\/wp-json\/wp\/v2\/pages\/2685","targetHints":{"allow":["GET"]}}],"collection":[{"href":"http:\/\/www.megevesttropez.com\/en\/wp-json\/wp\/v2\/pages"}],"about":[{"href":"http:\/\/www.megevesttropez.com\/en\/wp-json\/wp\/v2\/types\/page"}],"author":[{"embeddable":true,"href":"http:\/\/www.megevesttropez.com\/en\/wp-json\/wp\/v2\/users\/4"}],"replies":[{"embeddable":true,"href":"http:\/\/www.megevesttropez.com\/en\/wp-json\/wp\/v2\/comments?post=2685"}],"version-history":[{"count":3,"href":"http:\/\/www.megevesttropez.com\/en\/wp-json\/wp\/v2\/pages\/2685\/revisions"}],"predecessor-version":[{"id":12646,"href":"http:\/\/www.megevesttropez.com\/en\/wp-json\/wp\/v2\/pages\/2685\/revisions\/12646"}],"wp:attachment":[{"href":"http:\/\/www.megevesttropez.com\/en\/wp-json\/wp\/v2\/media?parent=2685"}],"curies":[{"name":"wp","href":"https:\/\/api.w.org\/{rel}","templated":true}]}}